{"id":306,"date":"2025-06-24T13:41:28","date_gmt":"2025-06-24T13:41:28","guid":{"rendered":"https:\/\/carcontrolbox.cz\/?page_id=306"},"modified":"2025-06-24T16:59:19","modified_gmt":"2025-06-24T16:59:19","slug":"konfigurator","status":"publish","type":"page","link":"https:\/\/carcontrolbox.cz\/de\/konfigurator\/","title":{"rendered":"Konfigurator"},"content":{"rendered":"<div style=\"height:30px\">&nbsp;<\/div>\n<div class=\"column one\"><div class=\"mcb-column-inner\"><\/p>\n<h4>N\u00e1\u0161 konfigur\u00e1tor je viditeln\u00fd pouze pro registrovan\u00e9 partnery. Sta\u010d\u00ed vyplnit \u017e\u00e1dost o registraci a do e-mailu V\u00e1m p\u0159ijdou p\u0159ihla\u0161ovac\u00ed \u00fadaje. Pot\u00e9 se sta\u010d\u00ed jen p\u0159ihl\u00e1sit a konfigur\u00e1tor bude pro v\u00e1s viditeln\u00fd.<\/h4>\n<p><\/div><\/div>\n\n<div style=\"height:30px\">&nbsp;<\/div>\n<div class=\"column two-third mobile-one\"><div class=\"mcb-column-inner\"><\/p>\n<h2>\u017d\u00e1dost o registraci<\/h2>\n<p>\n<div class=\"wpcf7 no-js\" id=\"wpcf7-f290-o1\" lang=\"en-US\" dir=\"ltr\" data-wpcf7-id=\"290\">\n<div class=\"screen-reader-response\"><p role=\"status\" aria-live=\"polite\" aria-atomic=\"true\"><\/p> <ul><\/ul><\/div>\n<form action=\"\/de\/wp-json\/wp\/v2\/pages\/306#wpcf7-f290-o1\" method=\"post\" class=\"wpcf7-form init\" aria-label=\"Contact form\" novalidate=\"novalidate\" data-status=\"init\">\n<fieldset class=\"hidden-fields-container\"><input type=\"hidden\" name=\"_wpcf7\" value=\"290\" \/><input type=\"hidden\" name=\"_wpcf7_version\" value=\"6.1.5\" \/><input type=\"hidden\" name=\"_wpcf7_locale\" value=\"en_US\" \/><input type=\"hidden\" name=\"_wpcf7_unit_tag\" value=\"wpcf7-f290-o1\" \/><input type=\"hidden\" name=\"_wpcf7_container_post\" value=\"0\" \/><input type=\"hidden\" name=\"_wpcf7_posted_data_hash\" value=\"\" \/><input type=\"hidden\" name=\"_wpcf7_recaptcha_response\" value=\"\" \/>\n<\/fieldset>\n<div class=\"column one\" style=\"padding:0px;\">\n\t<p>Jm\u00e9no a p\u0159\u00edjmen\u00ed *\n\t<\/p>\n\t<p><span class=\"wpcf7-form-control-wrap\" data-name=\"your-name\"><input size=\"40\" maxlength=\"400\" class=\"wpcf7-form-control wpcf7-text wpcf7-validates-as-required\" aria-required=\"true\" aria-invalid=\"false\" value=\"\" type=\"text\" name=\"your-name\" \/><\/span>\n\t<\/p>\n<\/div>\n<div class=\"column one-second\" style=\"padding:0px;\">\n\t<p>E-mail *\n\t<\/p>\n\t<p><span class=\"wpcf7-form-control-wrap\" data-name=\"your-email\"><input size=\"40\" maxlength=\"400\" class=\"wpcf7-form-control wpcf7-email wpcf7-validates-as-required wpcf7-text wpcf7-validates-as-email\" aria-required=\"true\" aria-invalid=\"false\" value=\"\" type=\"email\" name=\"your-email\" \/><\/span>\n\t<\/p>\n<\/div>\n<div class=\"column one-second\" style=\"padding:0px;\">\n\t<p>Telefon *\n\t<\/p>\n\t<p><span class=\"wpcf7-form-control-wrap\" data-name=\"your-phone\"><input size=\"40\" maxlength=\"400\" class=\"wpcf7-form-control wpcf7-tel wpcf7-validates-as-required wpcf7-text wpcf7-validates-as-tel\" aria-required=\"true\" aria-invalid=\"false\" value=\"\" type=\"tel\" name=\"your-phone\" \/><\/span>\n\t<\/p>\n<\/div>\n<div class=\"column one-second\" style=\"padding:0px;\">\n\t<p>N\u00e1zev spole\u010dnosti *\n\t<\/p>\n\t<p><span class=\"wpcf7-form-control-wrap\" data-name=\"company\"><input size=\"40\" maxlength=\"400\" class=\"wpcf7-form-control wpcf7-text wpcf7-validates-as-required\" aria-required=\"true\" aria-invalid=\"false\" value=\"\" type=\"text\" name=\"company\" \/><\/span>\n\t<\/p>\n<\/div>\n<div class=\"column one-second\" style=\"padding:0px;\">\n\t<p>Adresa (ulice, \u010d.p., PS\u010c, m\u011bsto) *\n\t<\/p>\n\t<p><span class=\"wpcf7-form-control-wrap\" data-name=\"your-address\"><input size=\"40\" maxlength=\"400\" class=\"wpcf7-form-control wpcf7-text wpcf7-validates-as-required\" aria-required=\"true\" aria-invalid=\"false\" value=\"\" type=\"text\" name=\"your-address\" \/><\/span>\n\t<\/p>\n<\/div>\n<div class=\"column one\" style=\"padding:0px;\">\n\t<p>Pozn\u00e1mka\n\t<\/p>\n\t<p><span class=\"wpcf7-form-control-wrap\" data-name=\"note\"><textarea cols=\"10\" rows=\"4\" maxlength=\"2000\" class=\"wpcf7-form-control wpcf7-textarea\" aria-invalid=\"false\" name=\"note\"><\/textarea><\/span>\n\t<\/p>\n<\/div>\n<div class=\"column one\" style=\"padding:10px 0 0 0!important\">\n\t<p><span class=\"wpcf7-form-control-wrap\" data-name=\"acpt\"><span class=\"wpcf7-form-control wpcf7-acceptance\"><span class=\"wpcf7-list-item\"><label><input type=\"checkbox\" name=\"acpt\" value=\"1\" aria-invalid=\"false\" \/><span class=\"wpcf7-list-item-label\"><span style=\"font-size:.8em;font-weight:300!important\">Souhlas\u00edm se <a style=\"color:#2a7b9c\" href=\"\/zpracovani-osobnich-udaju\" target=\"_blank\">zpracov\u00e1n\u00ed osobn\u00edch \u00fadaj\u016f<\/a>.<\/span><\/span><\/label><\/span><\/span><\/span>\n\t<\/p>\n<\/div>\n<div>\n\t<p><input class=\"wpcf7-form-control wpcf7-submit has-spinner\" type=\"submit\" value=\"Odeslat\" \/>\n\t<\/p>\n<\/div><p style=\"display: none !important;\" class=\"akismet-fields-container\" data-prefix=\"_wpcf7_ak_\"><label>&#916;<textarea name=\"_wpcf7_ak_hp_textarea\" cols=\"45\" rows=\"8\" maxlength=\"100\"><\/textarea><\/label><input type=\"hidden\" id=\"ak_js_1\" name=\"_wpcf7_ak_js\" value=\"8\"\/><script type=\"text\/javascript\">\n\/* <![CDATA[ *\/\ndocument.getElementById( \"ak_js_1\" ).setAttribute( \"value\", ( new Date() ).getTime() );\n\/* ]]> *\/\n<\/script>\n<\/p><div class=\"wpcf7-response-output\" aria-hidden=\"true\"><\/div>\n<\/form>\n<\/div>\n<br \/>\n<\/div><\/div>\n\n<div class=\"column one-third mobile-one\"><div class=\"mcb-column-inner\"><\/p>\n<h2>P\u0159ihl\u00e1\u0161en\u00ed<\/h2>\n<p><div class=\"tml tml-login\">\n<div class=\"tml-alerts\"><\/div><form name=\"login\" action=\"https:\/\/carcontrolbox.cz\/de\/login\/\" method=\"post\">\n<div class=\"tml-field-wrap tml-log-wrap\">\n<label class=\"tml-label\" for=\"user_login\">Benutzername oder E-Mail-Adresse<\/label>\n<input name=\"log\" type=\"text\" value=\"\" id=\"user_login\" autocapitalize=\"off\" class=\"tml-field\">\n<\/div>\n\n<div class=\"tml-field-wrap tml-pwd-wrap\">\n<label class=\"tml-label\" for=\"user_pass\">Passwort<\/label>\n<input name=\"pwd\" type=\"password\" value=\"\" id=\"user_pass\" class=\"tml-field\">\n<\/div>\n\n<p class=\"wps-limit-login-credits\"><img decoding=\"async\" src=\"https:\/\/carcontrolbox.cz\/wp-content\/plugins\/wps-limit-login\/assets\/img\/logo-icon-32.png\" \/><br \/>Login form protected by <br \/><a href=\"https:\/\/wordpress.org\/plugins\/wps-limit-login\/\" target=\"_blank\">WPS Limit Login<\/a><\/p>\n<div class=\"tml-field-wrap tml-rememberme-wrap\">\n<input name=\"rememberme\" type=\"checkbox\" value=\"forever\" id=\"rememberme\" class=\"tml-checkbox\">\n<label class=\"tml-label\" for=\"rememberme\">Angemeldet bleiben<\/label>\n<\/div>\n\n<div class=\"tml-field-wrap tml-submit-wrap\">\n<button name=\"submit\" type=\"submit\" class=\"tml-button\">Anmelden<\/button>\n<\/div>\n\n<input name=\"redirect_to\" type=\"hidden\" value=\"https:\/\/carcontrolbox.cz\/produkt\/car-control-box-system\/\">\n\n<\/form>\n<ul class=\"tml-links\"><li class=\"tml-register-link\"><a href=\"https:\/\/carcontrolbox.cz\/de\/register\/\">Registrieren<\/a><\/li><li class=\"tml-lostpassword-link\"><a href=\"https:\/\/carcontrolbox.cz\/de\/lostpassword\/\">Passwort vergessen?<\/a><\/li><\/ul><\/div>\n<br \/>\n<\/div><\/div>\n\n","protected":false},"excerpt":{"rendered":"<p>&nbsp; &nbsp;<\/p>","protected":false},"author":1,"featured_media":0,"parent":0,"menu_order":0,"comment_status":"closed","ping_status":"closed","template":"","meta":{"inline_featured_image":false,"footnotes":""},"class_list":["post-306","page","type-page","status-publish","hentry"],"yoast_head":"<!-- This site is optimized with the Yoast SEO plugin v27.5 - https:\/\/yoast.com\/product\/yoast-seo-wordpress\/ -->\n<title>Konfigur\u00e1tor | Car Control Box System<\/title>\n<meta name=\"robots\" content=\"index, follow, max-snippet:-1, max-image-preview:large, max-video-preview:-1\" \/>\n<link rel=\"canonical\" href=\"https:\/\/carcontrolbox.cz\/de\/konfigurator\/\" \/>\n<meta property=\"og:locale\" content=\"de_DE\" \/>\n<meta property=\"og:type\" content=\"article\" \/>\n<meta property=\"og:title\" content=\"Konfigur\u00e1tor | Car Control Box System\" \/>\n<meta property=\"og:description\" content=\"&nbsp; &nbsp;\" \/>\n<meta property=\"og:url\" content=\"https:\/\/carcontrolbox.cz\/de\/konfigurator\/\" \/>\n<meta property=\"og:site_name\" content=\"Car Control Box System\" \/>\n<meta property=\"article:modified_time\" content=\"2025-06-24T16:59:19+00:00\" \/>\n<meta property=\"og:image\" content=\"https:\/\/carcontrolbox.cz\/wp-content\/uploads\/2024\/09\/DSCF6286-1-scaled.jpg\" \/>\n\t<meta property=\"og:image:width\" content=\"2560\" \/>\n\t<meta property=\"og:image:height\" content=\"1707\" \/>\n\t<meta property=\"og:image:type\" content=\"image\/jpeg\" \/>\n<meta name=\"twitter:card\" content=\"summary_large_image\" \/>\n<meta name=\"twitter:label1\" content=\"Gesch\u00e4tzte Lesezeit\" \/>\n\t<meta name=\"twitter:data1\" content=\"1\u00a0Minute\" \/>\n<script type=\"application\/ld+json\" class=\"yoast-schema-graph\">{\"@context\":\"https:\\\/\\\/schema.org\",\"@graph\":[{\"@type\":\"WebPage\",\"@id\":\"https:\\\/\\\/carcontrolbox.cz\\\/konfigurator\\\/\",\"url\":\"https:\\\/\\\/carcontrolbox.cz\\\/konfigurator\\\/\",\"name\":\"Konfigur\u00e1tor | Car Control Box System\",\"isPartOf\":{\"@id\":\"https:\\\/\\\/carcontrolbox.cz\\\/#website\"},\"datePublished\":\"2025-06-24T13:41:28+00:00\",\"dateModified\":\"2025-06-24T16:59:19+00:00\",\"breadcrumb\":{\"@id\":\"https:\\\/\\\/carcontrolbox.cz\\\/konfigurator\\\/#breadcrumb\"},\"inLanguage\":\"de\",\"potentialAction\":[{\"@type\":\"ReadAction\",\"target\":[\"https:\\\/\\\/carcontrolbox.cz\\\/konfigurator\\\/\"]}]},{\"@type\":\"BreadcrumbList\",\"@id\":\"https:\\\/\\\/carcontrolbox.cz\\\/konfigurator\\\/#breadcrumb\",\"itemListElement\":[{\"@type\":\"ListItem\",\"position\":1,\"name\":\"Dom\u016f\",\"item\":\"https:\\\/\\\/carcontrolbox.cz\\\/\"},{\"@type\":\"ListItem\",\"position\":2,\"name\":\"Konfigur\u00e1tor\"}]},{\"@type\":\"WebSite\",\"@id\":\"https:\\\/\\\/carcontrolbox.cz\\\/#website\",\"url\":\"https:\\\/\\\/carcontrolbox.cz\\\/\",\"name\":\"Car Control Box System\",\"description\":\"\",\"publisher\":{\"@id\":\"https:\\\/\\\/carcontrolbox.cz\\\/#organization\"},\"alternateName\":\"Automatizovan\u00fd syst\u00e9m skenov\u00e1n\u00ed vozidel\",\"potentialAction\":[{\"@type\":\"SearchAction\",\"target\":{\"@type\":\"EntryPoint\",\"urlTemplate\":\"https:\\\/\\\/carcontrolbox.cz\\\/?s={search_term_string}\"},\"query-input\":{\"@type\":\"PropertyValueSpecification\",\"valueRequired\":true,\"valueName\":\"search_term_string\"}}],\"inLanguage\":\"de\"},{\"@type\":\"Organization\",\"@id\":\"https:\\\/\\\/carcontrolbox.cz\\\/#organization\",\"name\":\"Car Control Box System\",\"url\":\"https:\\\/\\\/carcontrolbox.cz\\\/\",\"logo\":{\"@type\":\"ImageObject\",\"inLanguage\":\"de\",\"@id\":\"https:\\\/\\\/carcontrolbox.cz\\\/#\\\/schema\\\/logo\\\/image\\\/\",\"url\":\"https:\\\/\\\/carcontrolbox.cz\\\/wp-content\\\/uploads\\\/2024\\\/09\\\/Logo-blue.png\",\"contentUrl\":\"https:\\\/\\\/carcontrolbox.cz\\\/wp-content\\\/uploads\\\/2024\\\/09\\\/Logo-blue.png\",\"width\":1927,\"height\":689,\"caption\":\"Car Control Box System\"},\"image\":{\"@id\":\"https:\\\/\\\/carcontrolbox.cz\\\/#\\\/schema\\\/logo\\\/image\\\/\"}}]}<\/script>\n<!-- \/ Yoast SEO plugin. -->","yoast_head_json":{"title":"Konfigur\u00e1tor | Car Control Box System","robots":{"index":"index","follow":"follow","max-snippet":"max-snippet:-1","max-image-preview":"max-image-preview:large","max-video-preview":"max-video-preview:-1"},"canonical":"https:\/\/carcontrolbox.cz\/de\/konfigurator\/","og_locale":"de_DE","og_type":"article","og_title":"Konfigur\u00e1tor | Car Control Box System","og_description":"&nbsp; &nbsp;","og_url":"https:\/\/carcontrolbox.cz\/de\/konfigurator\/","og_site_name":"Car Control Box System","article_modified_time":"2025-06-24T16:59:19+00:00","og_image":[{"width":2560,"height":1707,"url":"https:\/\/carcontrolbox.cz\/wp-content\/uploads\/2024\/09\/DSCF6286-1-scaled.jpg","type":"image\/jpeg"}],"twitter_card":"summary_large_image","twitter_misc":{"Gesch\u00e4tzte Lesezeit":"1\u00a0Minute"},"schema":{"@context":"https:\/\/schema.org","@graph":[{"@type":"WebPage","@id":"https:\/\/carcontrolbox.cz\/konfigurator\/","url":"https:\/\/carcontrolbox.cz\/konfigurator\/","name":"Konfigur\u00e1tor | Car Control Box System","isPartOf":{"@id":"https:\/\/carcontrolbox.cz\/#website"},"datePublished":"2025-06-24T13:41:28+00:00","dateModified":"2025-06-24T16:59:19+00:00","breadcrumb":{"@id":"https:\/\/carcontrolbox.cz\/konfigurator\/#breadcrumb"},"inLanguage":"de","potentialAction":[{"@type":"ReadAction","target":["https:\/\/carcontrolbox.cz\/konfigurator\/"]}]},{"@type":"BreadcrumbList","@id":"https:\/\/carcontrolbox.cz\/konfigurator\/#breadcrumb","itemListElement":[{"@type":"ListItem","position":1,"name":"Dom\u016f","item":"https:\/\/carcontrolbox.cz\/"},{"@type":"ListItem","position":2,"name":"Konfigur\u00e1tor"}]},{"@type":"WebSite","@id":"https:\/\/carcontrolbox.cz\/#website","url":"https:\/\/carcontrolbox.cz\/","name":"Car Control Box System","description":"","publisher":{"@id":"https:\/\/carcontrolbox.cz\/#organization"},"alternateName":"Automatizovan\u00fd syst\u00e9m skenov\u00e1n\u00ed vozidel","potentialAction":[{"@type":"SearchAction","target":{"@type":"EntryPoint","urlTemplate":"https:\/\/carcontrolbox.cz\/?s={search_term_string}"},"query-input":{"@type":"PropertyValueSpecification","valueRequired":true,"valueName":"search_term_string"}}],"inLanguage":"de"},{"@type":"Organization","@id":"https:\/\/carcontrolbox.cz\/#organization","name":"Car Control Box System","url":"https:\/\/carcontrolbox.cz\/","logo":{"@type":"ImageObject","inLanguage":"de","@id":"https:\/\/carcontrolbox.cz\/#\/schema\/logo\/image\/","url":"https:\/\/carcontrolbox.cz\/wp-content\/uploads\/2024\/09\/Logo-blue.png","contentUrl":"https:\/\/carcontrolbox.cz\/wp-content\/uploads\/2024\/09\/Logo-blue.png","width":1927,"height":689,"caption":"Car Control Box System"},"image":{"@id":"https:\/\/carcontrolbox.cz\/#\/schema\/logo\/image\/"}}]}},"_links":{"self":[{"href":"https:\/\/carcontrolbox.cz\/de\/wp-json\/wp\/v2\/pages\/306","targetHints":{"allow":["GET"]}}],"collection":[{"href":"https:\/\/carcontrolbox.cz\/de\/wp-json\/wp\/v2\/pages"}],"about":[{"href":"https:\/\/carcontrolbox.cz\/de\/wp-json\/wp\/v2\/types\/page"}],"author":[{"embeddable":true,"href":"https:\/\/carcontrolbox.cz\/de\/wp-json\/wp\/v2\/users\/1"}],"replies":[{"embeddable":true,"href":"https:\/\/carcontrolbox.cz\/de\/wp-json\/wp\/v2\/comments?post=306"}],"version-history":[{"count":11,"href":"https:\/\/carcontrolbox.cz\/de\/wp-json\/wp\/v2\/pages\/306\/revisions"}],"predecessor-version":[{"id":321,"href":"https:\/\/carcontrolbox.cz\/de\/wp-json\/wp\/v2\/pages\/306\/revisions\/321"}],"wp:attachment":[{"href":"https:\/\/carcontrolbox.cz\/de\/wp-json\/wp\/v2\/media?parent=306"}],"curies":[{"name":"wp","href":"https:\/\/api.w.org\/{rel}","templated":true}]}}